{"id":9536,"date":"2021-06-07T08:14:15","date_gmt":"2021-06-07T08:14:15","guid":{"rendered":"https:\/\/estetica-equilibrium.com\/politica-de-cookies\/"},"modified":"2026-03-14T13:54:30","modified_gmt":"2026-03-14T13:54:30","slug":"politica-de-cookies","status":"publish","type":"page","link":"https:\/\/estetica-equilibrium.com\/ca\/politica-de-cookies\/","title":{"rendered":"POL\u00cdTICA DE COOKIES"},"content":{"rendered":"\t\t<div data-elementor-type=\"wp-page\" data-elementor-id=\"9536\" class=\"elementor elementor-9536 elementor-5233\" data-elementor-post-type=\"page\">\n\t\t\t\t\t\t<section class=\"elementor-section elementor-top-section elementor-element elementor-element-5f617c29 elementor-section-boxed elementor-section-height-default elementor-section-height-default mkdf-parallax-row-no mkdf-content-aligment-left mkdf-row-grid-no mkdf-disabled-bg-image-bellow-no\" data-id=\"5f617c29\" data-element_type=\"section\" data-e-type=\"section\">\n\t\t\t\t\t\t<div class=\"elementor-container elementor-column-gap-default\">\n\t\t\t\t\t<div class=\"elementor-column elementor-col-100 elementor-top-column elementor-element elementor-element-4ab67421\" data-id=\"4ab67421\" data-element_type=\"column\" data-e-type=\"column\">\n\t\t\t<div class=\"elementor-widget-wrap elementor-element-populated\">\n\t\t\t\t\t\t<div class=\"elementor-element elementor-element-46f2f2db elementor-widget elementor-widget-spacer\" data-id=\"46f2f2db\" data-element_type=\"widget\" data-e-type=\"widget\" data-widget_type=\"spacer.default\">\n\t\t\t\t<div class=\"elementor-widget-container\">\n\t\t\t\t\t\t\t<div class=\"elementor-spacer\">\n\t\t\t<div class=\"elementor-spacer-inner\"><\/div>\n\t\t<\/div>\n\t\t\t\t\t\t<\/div>\n\t\t\t\t<\/div>\n\t\t\t\t<div class=\"elementor-element elementor-element-68147268 elementor-widget elementor-widget-text-editor\" data-id=\"68147268\" data-element_type=\"widget\" data-e-type=\"widget\" data-widget_type=\"text-editor.default\">\n\t\t\t\t<div class=\"elementor-widget-container\">\n\t\t\t\t\t\t\t\t\t<p>POL\u00cdTICA DE COOKIES<\/p>\t\t\t\t\t\t\t\t<\/div>\n\t\t\t\t<\/div>\n\t\t\t\t<div class=\"elementor-element elementor-element-72435fa3 elementor-widget elementor-widget-text-editor\" data-id=\"72435fa3\" data-element_type=\"widget\" data-e-type=\"widget\" data-widget_type=\"text-editor.default\">\n\t\t\t\t<div class=\"elementor-widget-container\">\n\t\t\t\t\t\t\t\t\t<p>Las cookies son archivos de texto de peque\u00f1o tama\u00f1o, a menudo cifrados, que un servidor web aloja en el equipo o dispositivo del usuario cuando accede al sitio web. Estas cookies pueden almacenar la identificaci\u00f3n del usuario que visito el sitio web y los lugares por los que navego. <\/p><p>Este sitio web utiliza las siguientes cookies:<\/p><p><strong>Cookies de medidores (de Google).<\/strong> Estas cookies se utilizan para analizar las visitas realizadas, los lugares y tiempos de navegaci\u00f3n por el sitio web. La informaci\u00f3n de las cookies es transmitida y archivada directamente por los medidores en sus servidores. Estos cookies est\u00e1n utilizadas de forma an\u00f3nima y para elaborar informes de tendencias de sitios web sin identificar a usuarios individuales.  <\/p><p><strong>Cookies esenciales (t\u00e9cnicas)<\/strong> Utilizamos cookies esenciales t\u00e9cnicamente para funcionar de manera correcta, i.e. guardar preferencias, optimizar proceso de login, gestionar el carro de la compra, \u2026<\/p><p>Se puede configurar el navegador para rechazar o aceptar las cookies, o configurar el navegador para que estas cookies se borren autom\u00e1ticamente una vez que se cierre el navegador, equipo o dispositivo. La configuraci\u00f3n de las cookies en los navegadores se realiza: <\/p><p>\u00b7 Google Chrome en Configuraci\u00f3n &gt; Privacidad &gt; Configuraci\u00f3n de contenido &gt; Cookies<\/p><p>\u00b7 Firefox en Preferencias &gt; Privacidad.<br>\u00b7 Internet Explorer en Herramientas &gt; Opciones de Internet &gt; Privacidad &gt; Avanzada.<br>\u00b7 Safari en Preferencias &gt; Privacidad.<\/p><p>Al acceder a este sitio web por primera vez, sin tener cookies de este sitio web, ver\u00e1 una ventana donde se le informa de la utilizaci\u00f3n de las cookies y donde puede consultar esta Pol\u00edtica de Cookies. Si cierra la ventana o siga navegando, acepta\/consiente la utilizaci\u00f3n de las cookies y \u00e9stas se instalar\u00e1n en su equipo o dispositivo, en caso contrario no se instalar\u00e1n las cookies pudiendo estar limitada la navegaci\u00f3n y servicios de este sitio web. <\/p><p>Para m\u00e1s informaci\u00f3n sobre las cookies utilizadas contactar con el titular de este sitio web en la direcci\u00f3n <span class=\"w-contacts-item-value\"><a href=\"mailto:info@estetica-equilibrium.com\">info@estetica-equilibrium.com<\/a><\/span><\/p>\t\t\t\t\t\t\t\t<\/div>\n\t\t\t\t<\/div>\n\t\t\t\t<div class=\"elementor-element elementor-element-13575b98 elementor-widget elementor-widget-spacer\" data-id=\"13575b98\" data-element_type=\"widget\" data-e-type=\"widget\" data-widget_type=\"spacer.default\">\n\t\t\t\t<div class=\"elementor-widget-container\">\n\t\t\t\t\t\t\t<div class=\"elementor-spacer\">\n\t\t\t<div class=\"elementor-spacer-inner\"><\/div>\n\t\t<\/div>\n\t\t\t\t\t\t<\/div>\n\t\t\t\t<\/div>\n\t\t\t\t\t<\/div>\n\t\t<\/div>\n\t\t\t\t\t<\/div>\n\t\t<\/section>\n\t\t\t\t<\/div>\n\t\t","protected":false},"excerpt":{"rendered":"<p>POL\u00cdTICA DE COOKIES Las cookies son archivos de texto de peque\u00f1o tama\u00f1o, a menudo cifrados, que un servidor web aloja en el equipo o dispositivo del usuario cuando accede al sitio web. Estas cookies pueden almacenar la identificaci\u00f3n del usuario [&hellip;]<\/p>\n","protected":false},"author":2,"featured_media":0,"parent":0,"menu_order":0,"comment_status":"closed","ping_status":"closed","template":"elementor_header_footer","meta":{"footnotes":""},"class_list":["post-9536","page","type-page","status-publish","hentry"],"yoast_head":"<!-- This site is optimized with the Yoast SEO plugin v27.4 - https:\/\/yoast.com\/product\/yoast-seo-wordpress\/ -->\n<title>POL\u00cdTICA DE COOKIES - Equilibrium<\/title>\n<meta name=\"robots\" content=\"noindex, follow\" \/>\n<meta property=\"og:locale\" content=\"ca_ES\" \/>\n<meta property=\"og:type\" content=\"article\" \/>\n<meta property=\"og:title\" content=\"POL\u00cdTICA DE COOKIES - Equilibrium\" \/>\n<meta property=\"og:description\" content=\"POL\u00cdTICA DE COOKIES Las cookies son archivos de texto de peque\u00f1o tama\u00f1o, a menudo cifrados, que un servidor web aloja en el equipo o dispositivo del usuario cuando accede al sitio web. Estas cookies pueden almacenar la identificaci\u00f3n del usuario [&hellip;]\" \/>\n<meta property=\"og:url\" content=\"https:\/\/estetica-equilibrium.com\/ca\/politica-de-cookies\/\" \/>\n<meta property=\"og:site_name\" content=\"Equilibrium\" \/>\n<meta property=\"article:modified_time\" content=\"2026-03-14T13:54:30+00:00\" \/>\n<meta name=\"twitter:card\" content=\"summary_large_image\" \/>\n<meta name=\"twitter:label1\" content=\"Temps estimat de lectura\" \/>\n\t<meta name=\"twitter:data1\" content=\"2 minuts\" \/>\n<!-- \/ Yoast SEO plugin. -->","yoast_head_json":{"title":"POL\u00cdTICA DE COOKIES - Equilibrium","robots":{"index":"noindex","follow":"follow"},"og_locale":"ca_ES","og_type":"article","og_title":"POL\u00cdTICA DE COOKIES - Equilibrium","og_description":"POL\u00cdTICA DE COOKIES Las cookies son archivos de texto de peque\u00f1o tama\u00f1o, a menudo cifrados, que un servidor web aloja en el equipo o dispositivo del usuario cuando accede al sitio web. Estas cookies pueden almacenar la identificaci\u00f3n del usuario [&hellip;]","og_url":"https:\/\/estetica-equilibrium.com\/ca\/politica-de-cookies\/","og_site_name":"Equilibrium","article_modified_time":"2026-03-14T13:54:30+00:00","twitter_card":"summary_large_image","twitter_misc":{"Temps estimat de lectura":"2 minuts"},"schema":{"@context":"https:\/\/schema.org","@graph":[{"@type":"WebPage","@id":"https:\/\/estetica-equilibrium.com\/ca\/politica-de-cookies\/","url":"https:\/\/estetica-equilibrium.com\/ca\/politica-de-cookies\/","name":"POL\u00cdTICA DE COOKIES - Equilibrium","isPartOf":{"@id":"https:\/\/estetica-equilibrium.com\/ca\/#website"},"datePublished":"2021-06-07T08:14:15+00:00","dateModified":"2026-03-14T13:54:30+00:00","breadcrumb":{"@id":"https:\/\/estetica-equilibrium.com\/ca\/politica-de-cookies\/#breadcrumb"},"inLanguage":"ca","potentialAction":[{"@type":"ReadAction","target":["https:\/\/estetica-equilibrium.com\/ca\/politica-de-cookies\/"]}]},{"@type":"BreadcrumbList","@id":"https:\/\/estetica-equilibrium.com\/ca\/politica-de-cookies\/#breadcrumb","itemListElement":[{"@type":"ListItem","position":1,"name":"Portada","item":"https:\/\/estetica-equilibrium.com\/ca\/centre-estetica-les-franqueses\/"},{"@type":"ListItem","position":2,"name":"POL\u00cdTICA DE COOKIES"}]},{"@type":"WebSite","@id":"https:\/\/estetica-equilibrium.com\/ca\/#website","url":"https:\/\/estetica-equilibrium.com\/ca\/","name":"Equilibrium","description":"Est\u00e9tica avanzada","potentialAction":[{"@type":"SearchAction","target":{"@type":"EntryPoint","urlTemplate":"https:\/\/estetica-equilibrium.com\/ca\/?s={search_term_string}"},"query-input":{"@type":"PropertyValueSpecification","valueRequired":true,"valueName":"search_term_string"}}],"inLanguage":"ca"}]}},"_links":{"self":[{"href":"https:\/\/estetica-equilibrium.com\/ca\/wp-json\/wp\/v2\/pages\/9536","targetHints":{"allow":["GET"]}}],"collection":[{"href":"https:\/\/estetica-equilibrium.com\/ca\/wp-json\/wp\/v2\/pages"}],"about":[{"href":"https:\/\/estetica-equilibrium.com\/ca\/wp-json\/wp\/v2\/types\/page"}],"author":[{"embeddable":true,"href":"https:\/\/estetica-equilibrium.com\/ca\/wp-json\/wp\/v2\/users\/2"}],"replies":[{"embeddable":true,"href":"https:\/\/estetica-equilibrium.com\/ca\/wp-json\/wp\/v2\/comments?post=9536"}],"version-history":[{"count":1,"href":"https:\/\/estetica-equilibrium.com\/ca\/wp-json\/wp\/v2\/pages\/9536\/revisions"}],"predecessor-version":[{"id":9537,"href":"https:\/\/estetica-equilibrium.com\/ca\/wp-json\/wp\/v2\/pages\/9536\/revisions\/9537"}],"wp:attachment":[{"href":"https:\/\/estetica-equilibrium.com\/ca\/wp-json\/wp\/v2\/media?parent=9536"}],"curies":[{"name":"wp","href":"https:\/\/api.w.org\/{rel}","templated":true}]}}