{"id":9540,"date":"2021-06-07T08:13:58","date_gmt":"2021-06-07T08:13:58","guid":{"rendered":"https:\/\/estetica-equilibrium.com\/avis-legal\/"},"modified":"2026-03-14T13:58:36","modified_gmt":"2026-03-14T13:58:36","slug":"avis-legal","status":"publish","type":"page","link":"https:\/\/estetica-equilibrium.com\/ca\/avis-legal\/","title":{"rendered":"AV\u00cdS LEGAL"},"content":{"rendered":"\t\t<div data-elementor-type=\"wp-page\" data-elementor-id=\"9540\" class=\"elementor elementor-9540 elementor-5231\" data-elementor-post-type=\"page\">\n\t\t\t\t\t\t<section class=\"elementor-section elementor-top-section elementor-element elementor-element-6805935b elementor-section-boxed elementor-section-height-default elementor-section-height-default mkdf-parallax-row-no mkdf-content-aligment-left mkdf-row-grid-no mkdf-disabled-bg-image-bellow-no\" data-id=\"6805935b\" data-element_type=\"section\" data-e-type=\"section\">\n\t\t\t\t\t\t<div class=\"elementor-container elementor-column-gap-default\">\n\t\t\t\t\t<div class=\"elementor-column elementor-col-100 elementor-top-column elementor-element elementor-element-5b531210\" data-id=\"5b531210\" data-element_type=\"column\" data-e-type=\"column\">\n\t\t\t<div class=\"elementor-widget-wrap elementor-element-populated\">\n\t\t\t\t\t\t<div class=\"elementor-element elementor-element-29eacf07 elementor-widget elementor-widget-spacer\" data-id=\"29eacf07\" data-element_type=\"widget\" data-e-type=\"widget\" data-widget_type=\"spacer.default\">\n\t\t\t\t<div class=\"elementor-widget-container\">\n\t\t\t\t\t\t\t<div class=\"elementor-spacer\">\n\t\t\t<div class=\"elementor-spacer-inner\"><\/div>\n\t\t<\/div>\n\t\t\t\t\t\t<\/div>\n\t\t\t\t<\/div>\n\t\t\t\t<div class=\"elementor-element elementor-element-592e1bb3 elementor-widget elementor-widget-text-editor\" data-id=\"592e1bb3\" data-element_type=\"widget\" data-e-type=\"widget\" data-widget_type=\"text-editor.default\">\n\t\t\t\t<div class=\"elementor-widget-container\">\n\t\t\t\t\t\t\t\t\tAV\u00cdS LEGAL\t\t\t\t\t\t\t\t<\/div>\n\t\t\t\t<\/div>\n\t\t\t\t<div class=\"elementor-element elementor-element-6f5f5238 elementor-widget elementor-widget-text-editor\" data-id=\"6f5f5238\" data-element_type=\"widget\" data-e-type=\"widget\" data-widget_type=\"text-editor.default\">\n\t\t\t\t<div class=\"elementor-widget-container\">\n\t\t\t\t\t\t\t\t\t<p>El presente aviso legal (en adelante, el \u201cAviso Legal\u201d) regula el uso del servicio del portal de Internet www.estetica-equilibrium.com (en adelante, el \u201cWeb\u201d) de LAURA VENTURA ROBLES con domicilio social en C\/ CAN MAS COLOM\u00c9 1, BAJOS, LES FRANQUESES DEL VALLES, 08520, BARCELONA con CIF 53127965N.<\/p>\t\t\t\t\t\t\t\t<\/div>\n\t\t\t\t<\/div>\n\t\t\t\t<div class=\"elementor-element elementor-element-c035de2 elementor-widget elementor-widget-text-editor\" data-id=\"c035de2\" data-element_type=\"widget\" data-e-type=\"widget\" data-widget_type=\"text-editor.default\">\n\t\t\t\t<div class=\"elementor-widget-container\">\n\t\t\t\t\t\t\t\t\t<p><strong>Legislaci\u00f3n<\/strong><\/p><p>Con car\u00e1cter general las relaciones entre LAURA VENTURA ROBLES con los Usuarios de sus servicios telem\u00e1ticos, presentes en la web, se encuentran sometidas a la legislaci\u00f3n y jurisdicci\u00f3n espa\u00f1olas.<\/p><p>Las partes renuncian expresamente al fuero que les pudiera corresponder y someten expresamente a los Juzgados y Tribunales de LES FRANQUESES DEL VALLES para resolver cualquier controversia que pueda surgir en la interpretaci\u00f3n o ejecuci\u00f3n de las presentes condiciones contractuales.<\/p>\t\t\t\t\t\t\t\t<\/div>\n\t\t\t\t<\/div>\n\t\t\t\t<div class=\"elementor-element elementor-element-feb7209 elementor-widget elementor-widget-text-editor\" data-id=\"feb7209\" data-element_type=\"widget\" data-e-type=\"widget\" data-widget_type=\"text-editor.default\">\n\t\t\t\t<div class=\"elementor-widget-container\">\n\t\t\t\t\t\t\t\t\t<p><strong>Contenido y uso<\/strong><br>El Usuario queda informado, y acepta, que el acceso a la presente web no supone, en modo alguno, el inicio de una relaci\u00f3n comercial con LAURA VENTURA ROBLES.<\/p><p>El titular del web no se identifica con las opiniones vertidas en el mismo por sus colaboradores. La Empresa se reserva el derecho de efectuar sin previo aviso las modificaciones que considere oportunas en su Web, pudiendo cambiar, suprimir o a\u00f1adir tanto los contenidos y servicios que se presten a trav\u00e9s de la misma como la forma en la que \u00e9stos aparezcan presentados o localizados en sus servidores. <\/p>\t\t\t\t\t\t\t\t<\/div>\n\t\t\t\t<\/div>\n\t\t\t\t<div class=\"elementor-element elementor-element-136eb0c elementor-widget elementor-widget-text-editor\" data-id=\"136eb0c\" data-element_type=\"widget\" data-e-type=\"widget\" data-widget_type=\"text-editor.default\">\n\t\t\t\t<div class=\"elementor-widget-container\">\n\t\t\t\t\t\t\t\t\t<p><strong>Propiedad intelectual e industrial<br><\/strong>Los derechos de propiedad intelectual del contenido de las p\u00e1ginas web, su dise\u00f1o gr\u00e1fico y c\u00f3digos son titularidad de LAURA VENTURA ROBLES y, por tanto, queda prohibida su reproducci\u00f3n, distribuci\u00f3n, comunicaci\u00f3n p\u00fablica, transformaci\u00f3n o cualquier otra actividad que se pueda realizar con los contenidos de sus p\u00e1ginas web ni aun citando las fuentes, salvo consentimiento por escrito de LAURA VENTURA ROBLES. Todos los nombres comerciales, marcas o signos distintos de cualquier clase contenidos en las p\u00e1ginas web de la Empresa son propiedad de sus due\u00f1os y est\u00e1n protegidos por ley. <\/p>\t\t\t\t\t\t\t\t<\/div>\n\t\t\t\t<\/div>\n\t\t\t\t<div class=\"elementor-element elementor-element-ba132c7 elementor-widget elementor-widget-text-editor\" data-id=\"ba132c7\" data-element_type=\"widget\" data-e-type=\"widget\" data-widget_type=\"text-editor.default\">\n\t\t\t\t<div class=\"elementor-widget-container\">\n\t\t\t\t\t\t\t\t\t<p><strong>Enlaces (Links)<br><\/strong>La presencia de enlaces (links) en las p\u00e1ginas web de LAURA VENTURA ROBLES tiene finalidad meramente informativa y en ning\u00fan caso supone sugerencia, invitaci\u00f3n o recomendaci\u00f3n sobre los mismos<\/p>\t\t\t\t\t\t\t\t<\/div>\n\t\t\t\t<\/div>\n\t\t\t\t<div class=\"elementor-element elementor-element-211d713 elementor-widget elementor-widget-text-editor\" data-id=\"211d713\" data-element_type=\"widget\" data-e-type=\"widget\" data-widget_type=\"text-editor.default\">\n\t\t\t\t<div class=\"elementor-widget-container\">\n\t\t\t\t\t\t\t\t\t<p><strong>Confidencialidad y Protecci\u00f3n de Datos<br><\/strong>A efecto de lo previsto en RGPD de 27 de abril de 2016, LAURA VENTURA ROBLES informa al Usuario de la existencia de un tratamiento automatizado de datos de car\u00e1cter personal creado por y para LAURA VENTURA ROBLES y bajo su responsabilidad, con la finalidad de realizar el mantenimiento y gesti\u00f3n de la relaci\u00f3n con el Usuario, as\u00ed como las labores de informaci\u00f3n. En el momento de la aceptaci\u00f3n de las presentes condiciones generales, LAURA VENTURA ROBLES precisar\u00e1 del Usuario la recogida de unos datos imprescindibles para la prestaci\u00f3n de sus servicios. <\/p>\t\t\t\t\t\t\t\t<\/div>\n\t\t\t\t<\/div>\n\t\t\t\t<div class=\"elementor-element elementor-element-6e6214b elementor-widget elementor-widget-text-editor\" data-id=\"6e6214b\" data-element_type=\"widget\" data-e-type=\"widget\" data-widget_type=\"text-editor.default\">\n\t\t\t\t<div class=\"elementor-widget-container\">\n\t\t\t\t\t\t\t\t\t<p><strong>Registro de ficheros y formularios<br><\/strong>La cumplimentaci\u00f3n del formulario de registro es obligatoria para acceder y disfrutar de determinados servicios ofrecidos en la web. El no facilitar los datos personales solicitados o el no aceptar la presente pol\u00edtica de protecci\u00f3n de datos supone la imposibilidad de suscribirse, registrarse o participar en cualquiera de las promociones en las que se soliciten datos car\u00e1cter personal. <\/p><p>A efecto de lo previsto en RGPD de 27 de abril de 2016, le informamos que los datos personales que se obtengan como consecuencia de su registro como Usuario, ser\u00e1n incorporados a un fichero titularidad de LAURA VENTURA ROBLES con C.I.F 53127965N y domicilio en C\/ CAN MAS COLOM\u00c9 1, BAJOS, LES FRANQUESES DEL VALLES, 08520, BARCELONA, teniendo implementadas las medidas de seguridad establecidas en el Real Decreto 1720\/2007, de 11 de junio.<\/p>\t\t\t\t\t\t\t\t<\/div>\n\t\t\t\t<\/div>\n\t\t\t\t<div class=\"elementor-element elementor-element-e9487b2 elementor-widget elementor-widget-text-editor\" data-id=\"e9487b2\" data-element_type=\"widget\" data-e-type=\"widget\" data-widget_type=\"text-editor.default\">\n\t\t\t\t<div class=\"elementor-widget-container\">\n\t\t\t\t\t\t\t\t\t<p><strong>Exactitud y veracidad de los datos facilitados<br><\/strong>El Usuario es el \u00fanico responsable de la veracidad y correcci\u00f3n de los datos incluidos, exoner\u00e1ndose LAURA VENTURA ROBLES de cualquier responsabilidad al respecto. Los usuarios garantizan y responden, en cualquier caso, de la exactitud, vigencia y autenticidad de los datos personales facilitados, y se comprometen a mantenerlos debidamente actualizados. El usuario acepta proporcionar informaci\u00f3n completa y correcta en el formulario de registro o suscripci\u00f3n. LAURA VENTURA ROBLES no responde de la veracidad de las informaciones que no sean de elaboraci\u00f3n propia y de las que se indique otra fuente, por lo que tampoco asume responsabilidad alguna en cuanto a hipot\u00e9ticos perjuicios que pudieran originarse por el uso de dicha informaci\u00f3n. LAURA VENTURA ROBLES se reserva el derecho a actualizar, modificar o eliminar la informaci\u00f3n contenida en sus p\u00e1ginas web pudiendo incluso limitar o no permitir el acceso a dicha informaci\u00f3n. Se exonera a LAURA VENTURA ROBLES de responsabilidad ante cualquier da\u00f1o o perjuicio que pudiera sufrir el Usuario como consecuencia de errores, defectos u omisiones, en la informaci\u00f3n facilitada por LAURA VENTURA ROBLES siempre que proceda de fuentes ajenas a LAURA VENTURA ROBLES.     <\/p>\t\t\t\t\t\t\t\t<\/div>\n\t\t\t\t<\/div>\n\t\t\t\t<div class=\"elementor-element elementor-element-9a39404 elementor-widget elementor-widget-text-editor\" data-id=\"9a39404\" data-element_type=\"widget\" data-e-type=\"widget\" data-widget_type=\"text-editor.default\">\n\t\t\t\t<div class=\"elementor-widget-container\">\n\t\t\t\t\t\t\t\t\t<p><strong>Cookies<br><\/strong>El sitio www.estetica-equilibrium.com no utiliza cookies, considerando tales ficheros f\u00edsicos de informaci\u00f3n alojados en el propio terminal del usuario y sirven para facilitar la navegaci\u00f3n del usuario por el portal. De todas formas, el usuario tiene la posibilidad de configurar el navegador de tal modo que impida la instalaci\u00f3n de estos archivos. <\/p>\t\t\t\t\t\t\t\t<\/div>\n\t\t\t\t<\/div>\n\t\t\t\t<div class=\"elementor-element elementor-element-d0c52d5 elementor-widget elementor-widget-text-editor\" data-id=\"d0c52d5\" data-element_type=\"widget\" data-e-type=\"widget\" data-widget_type=\"text-editor.default\">\n\t\t\t\t<div class=\"elementor-widget-container\">\n\t\t\t\t\t\t\t\t\t<p><strong>Finalidades<br><\/strong>El sitio www.estetica-equilibrium.com no utiliza cookies, considerando tales ficheros f\u00edsicos de informaci\u00f3n alojados en el propio terminal del usuario y sirven para facilitar la navegaci\u00f3n del usuario por el portal. De todas formas, el usuario tiene la posibilidad de configurar el navegador de tal modo que impida la instalaci\u00f3n de estos archivos. <\/p>\t\t\t\t\t\t\t\t<\/div>\n\t\t\t\t<\/div>\n\t\t\t\t<div class=\"elementor-element elementor-element-0e274e9 elementor-widget elementor-widget-text-editor\" data-id=\"0e274e9\" data-element_type=\"widget\" data-e-type=\"widget\" data-widget_type=\"text-editor.default\">\n\t\t\t\t<div class=\"elementor-widget-container\">\n\t\t\t\t\t\t\t\t\t<p><strong>Menores de edad<br><\/strong>En el supuesto que algunos de nuestros servicios vayan dirigidos espec\u00edficamente a menores de edad, LAURA VENTURA ROBLES solicitar\u00e1 la conformidad de los padres o tutores para la recogida de los datos personales o, en su caso, para el tratamiento automatizado de los datos.<\/p>\t\t\t\t\t\t\t\t<\/div>\n\t\t\t\t<\/div>\n\t\t\t\t<div class=\"elementor-element elementor-element-5970062 elementor-widget elementor-widget-text-editor\" data-id=\"5970062\" data-element_type=\"widget\" data-e-type=\"widget\" data-widget_type=\"text-editor.default\">\n\t\t\t\t<div class=\"elementor-widget-container\">\n\t\t\t\t\t\t\t\t\t<p><strong>Cesi\u00f3n de datos a terceros<br><\/strong>LAURA VENTURA ROBLES no realizar\u00e1 cesi\u00f3n de datos de los usuarios a terceros.<\/p>\t\t\t\t\t\t\t\t<\/div>\n\t\t\t\t<\/div>\n\t\t\t\t<div class=\"elementor-element elementor-element-52eb59f elementor-widget elementor-widget-text-editor\" data-id=\"52eb59f\" data-element_type=\"widget\" data-e-type=\"widget\" data-widget_type=\"text-editor.default\">\n\t\t\t\t<div class=\"elementor-widget-container\">\n\t\t\t\t\t\t\t\t\t<p><strong>Ejercicio de derechos de acceso.<br><\/strong>Podr\u00e1 dirigir sus comunicaciones y ejercitar los derechos de acceso, rectificaci\u00f3n, supresi\u00f3n, limitaci\u00f3n, portabilidad y oposici\u00f3n en la direcci\u00f3n de Internet a www.estetica-equilibrium.com o bien por correo ordinario dirigido a LAURA VENTURA ROBLES, Ref. RGPD, en C\/ CAN MAS COLOM\u00c9 1, BAJOS, LES FRANQUESES DEL VALLES, 08520, BARCELONA. Para ejercer dichos derechos es necesario que usted acredite su personalidad frente a LAURA VENTURA ROBLES mediante el env\u00edo de fotocopia de Documento Nacional de Identidad o cualquier otro medio v\u00e1lido en Derecho. No obstante, la modificaci\u00f3n o rectificaci\u00f3n de sus datos de registro se podr\u00e1 realizar en el propio Site identific\u00e1ndose, previamente, con su usuario y contrase\u00f1a.   <\/p>\t\t\t\t\t\t\t\t<\/div>\n\t\t\t\t<\/div>\n\t\t\t\t<div class=\"elementor-element elementor-element-e677044 elementor-widget elementor-widget-text-editor\" data-id=\"e677044\" data-element_type=\"widget\" data-e-type=\"widget\" data-widget_type=\"text-editor.default\">\n\t\t\t\t<div class=\"elementor-widget-container\">\n\t\t\t\t\t\t\t\t\t<p><strong>Medidas de seguridad<br><\/strong>LAURA VENTURA ROBLES ha adoptado los niveles de seguridad de protecci\u00f3n de los Datos Personales legalmente requeridos, y procuran instalar aquellos otros medios y medidas t\u00e9cnicas adicionales a su alcance para evitar la p\u00e9rdida, mal uso, alteraci\u00f3n, acceso no autorizado y robo de los Datos Personales facilitados a LAURA VENTURA ROBLES no ser\u00e1 responsable de posibles da\u00f1os o perjuicios que se pudieran derivar de interferencias, omisiones, interrupciones, virus inform\u00e1ticos, aver\u00edas telef\u00f3nicas o desconexiones en el funcionamiento operativo de este sistema electr\u00f3nico, motivadas por causas ajenas a LAURA VENTURA ROBLES; de retrasos o bloqueos en el uso del presente sistema electr\u00f3nico causados por deficiencias o sobrecargas de l\u00edneas telef\u00f3nicas o sobrecargas en el Centro de Procesos de Datos, en el sistema de Internet o en otros sistemas electr\u00f3nicos, as\u00ed como de da\u00f1os que puedan ser causados por terceras personas mediante intromisiones ileg\u00edtimas fuera del control de LAURA VENTURA ROBLES. Ello, no obstante, el Usuario debe ser consciente de que las medidas de seguridad en Internet no son inexpugnables. <\/p>\t\t\t\t\t\t\t\t<\/div>\n\t\t\t\t<\/div>\n\t\t\t\t<div class=\"elementor-element elementor-element-9e64ab1 elementor-widget elementor-widget-text-editor\" data-id=\"9e64ab1\" data-element_type=\"widget\" data-e-type=\"widget\" data-widget_type=\"text-editor.default\">\n\t\t\t\t<div class=\"elementor-widget-container\">\n\t\t\t\t\t\t\t\t\t<p><strong>Aceptaci\u00f3n y consentimiento<br><\/strong>El usuario declara haber sido informado de las condiciones sobre protecci\u00f3n de datos personales, aceptando y consintiendo el tratamiento automatizado de los mismos por parte de LAURA VENTURA ROBLES, en la forma y para las finalidades indicadas en la presente Pol\u00edtica de Protecci\u00f3n de Datos Personales. Ciertos servicios prestados en el Portal pueden contener condiciones particulares con previsiones espec\u00edficas en materia de protecci\u00f3n de Datos Personales. <\/p>\t\t\t\t\t\t\t\t<\/div>\n\t\t\t\t<\/div>\n\t\t\t\t<div class=\"elementor-element elementor-element-149f7836 elementor-widget elementor-widget-spacer\" data-id=\"149f7836\" data-element_type=\"widget\" data-e-type=\"widget\" data-widget_type=\"spacer.default\">\n\t\t\t\t<div class=\"elementor-widget-container\">\n\t\t\t\t\t\t\t<div class=\"elementor-spacer\">\n\t\t\t<div class=\"elementor-spacer-inner\"><\/div>\n\t\t<\/div>\n\t\t\t\t\t\t<\/div>\n\t\t\t\t<\/div>\n\t\t\t\t\t<\/div>\n\t\t<\/div>\n\t\t\t\t\t<\/div>\n\t\t<\/section>\n\t\t\t\t<\/div>\n\t\t","protected":false},"excerpt":{"rendered":"<p>AV\u00cdS LEGAL El presente aviso legal (en adelante, el \u201cAviso Legal\u201d) regula el uso del servicio del portal de Internet www.estetica-equilibrium.com (en adelante, el \u201cWeb\u201d) de LAURA VENTURA ROBLES con domicilio social en C\/ CAN MAS COLOM\u00c9 1, BAJOS, LES [&hellip;]<\/p>\n","protected":false},"author":2,"featured_media":0,"parent":0,"menu_order":0,"comment_status":"closed","ping_status":"closed","template":"elementor_header_footer","meta":{"footnotes":""},"class_list":["post-9540","page","type-page","status-publish","hentry"],"yoast_head":"<!-- This site is optimized with the Yoast SEO plugin v27.5 - https:\/\/yoast.com\/product\/yoast-seo-wordpress\/ -->\n<title>AV\u00cdS LEGAL - Equilibrium<\/title>\n<meta name=\"robots\" content=\"noindex, follow\" \/>\n<meta property=\"og:locale\" content=\"ca_ES\" \/>\n<meta property=\"og:type\" content=\"article\" \/>\n<meta property=\"og:title\" content=\"AV\u00cdS LEGAL - Equilibrium\" \/>\n<meta property=\"og:description\" content=\"AV\u00cdS LEGAL El presente aviso legal (en adelante, el \u201cAviso Legal\u201d) regula el uso del servicio del portal de Internet www.estetica-equilibrium.com (en adelante, el \u201cWeb\u201d) de LAURA VENTURA ROBLES con domicilio social en C\/ CAN MAS COLOM\u00c9 1, BAJOS, LES [&hellip;]\" \/>\n<meta property=\"og:url\" content=\"https:\/\/estetica-equilibrium.com\/ca\/avis-legal\/\" \/>\n<meta property=\"og:site_name\" content=\"Equilibrium\" \/>\n<meta property=\"article:modified_time\" content=\"2026-03-14T13:58:36+00:00\" \/>\n<meta name=\"twitter:card\" content=\"summary_large_image\" \/>\n<meta name=\"twitter:label1\" content=\"Temps estimat de lectura\" \/>\n\t<meta name=\"twitter:data1\" content=\"7 minuts\" \/>\n<!-- \/ Yoast SEO plugin. -->","yoast_head_json":{"title":"AV\u00cdS LEGAL - Equilibrium","robots":{"index":"noindex","follow":"follow"},"og_locale":"ca_ES","og_type":"article","og_title":"AV\u00cdS LEGAL - Equilibrium","og_description":"AV\u00cdS LEGAL El presente aviso legal (en adelante, el \u201cAviso Legal\u201d) regula el uso del servicio del portal de Internet www.estetica-equilibrium.com (en adelante, el \u201cWeb\u201d) de LAURA VENTURA ROBLES con domicilio social en C\/ CAN MAS COLOM\u00c9 1, BAJOS, LES [&hellip;]","og_url":"https:\/\/estetica-equilibrium.com\/ca\/avis-legal\/","og_site_name":"Equilibrium","article_modified_time":"2026-03-14T13:58:36+00:00","twitter_card":"summary_large_image","twitter_misc":{"Temps estimat de lectura":"7 minuts"},"schema":{"@context":"https:\/\/schema.org","@graph":[{"@type":"WebPage","@id":"https:\/\/estetica-equilibrium.com\/ca\/avis-legal\/","url":"https:\/\/estetica-equilibrium.com\/ca\/avis-legal\/","name":"AV\u00cdS LEGAL - Equilibrium","isPartOf":{"@id":"https:\/\/estetica-equilibrium.com\/ca\/#website"},"datePublished":"2021-06-07T08:13:58+00:00","dateModified":"2026-03-14T13:58:36+00:00","breadcrumb":{"@id":"https:\/\/estetica-equilibrium.com\/ca\/avis-legal\/#breadcrumb"},"inLanguage":"ca","potentialAction":[{"@type":"ReadAction","target":["https:\/\/estetica-equilibrium.com\/ca\/avis-legal\/"]}]},{"@type":"BreadcrumbList","@id":"https:\/\/estetica-equilibrium.com\/ca\/avis-legal\/#breadcrumb","itemListElement":[{"@type":"ListItem","position":1,"name":"Portada","item":"https:\/\/estetica-equilibrium.com\/ca\/centre-estetica-les-franqueses\/"},{"@type":"ListItem","position":2,"name":"AV\u00cdS LEGAL"}]},{"@type":"WebSite","@id":"https:\/\/estetica-equilibrium.com\/ca\/#website","url":"https:\/\/estetica-equilibrium.com\/ca\/","name":"Equilibrium","description":"Est\u00e9tica avanzada","potentialAction":[{"@type":"SearchAction","target":{"@type":"EntryPoint","urlTemplate":"https:\/\/estetica-equilibrium.com\/ca\/?s={search_term_string}"},"query-input":{"@type":"PropertyValueSpecification","valueRequired":true,"valueName":"search_term_string"}}],"inLanguage":"ca"}]}},"_links":{"self":[{"href":"https:\/\/estetica-equilibrium.com\/ca\/wp-json\/wp\/v2\/pages\/9540","targetHints":{"allow":["GET"]}}],"collection":[{"href":"https:\/\/estetica-equilibrium.com\/ca\/wp-json\/wp\/v2\/pages"}],"about":[{"href":"https:\/\/estetica-equilibrium.com\/ca\/wp-json\/wp\/v2\/types\/page"}],"author":[{"embeddable":true,"href":"https:\/\/estetica-equilibrium.com\/ca\/wp-json\/wp\/v2\/users\/2"}],"replies":[{"embeddable":true,"href":"https:\/\/estetica-equilibrium.com\/ca\/wp-json\/wp\/v2\/comments?post=9540"}],"version-history":[{"count":1,"href":"https:\/\/estetica-equilibrium.com\/ca\/wp-json\/wp\/v2\/pages\/9540\/revisions"}],"predecessor-version":[{"id":9541,"href":"https:\/\/estetica-equilibrium.com\/ca\/wp-json\/wp\/v2\/pages\/9540\/revisions\/9541"}],"wp:attachment":[{"href":"https:\/\/estetica-equilibrium.com\/ca\/wp-json\/wp\/v2\/media?parent=9540"}],"curies":[{"name":"wp","href":"https:\/\/api.w.org\/{rel}","templated":true}]}}