{"id":9542,"date":"2021-06-07T08:13:43","date_gmt":"2021-06-07T08:13:43","guid":{"rendered":"https:\/\/estetica-equilibrium.com\/condicions-dus\/"},"modified":"2026-03-14T13:59:39","modified_gmt":"2026-03-14T13:59:39","slug":"condicions-dus","status":"publish","type":"page","link":"https:\/\/estetica-equilibrium.com\/ca\/condicions-dus\/","title":{"rendered":"CONDICIONS D&#8217;\u00daS"},"content":{"rendered":"\t\t<div data-elementor-type=\"wp-page\" data-elementor-id=\"9542\" class=\"elementor elementor-9542 elementor-5229\" data-elementor-post-type=\"page\">\n\t\t\t\t\t\t<section class=\"elementor-section elementor-top-section elementor-element elementor-element-4f6c798 elementor-section-boxed elementor-section-height-default elementor-section-height-default mkdf-parallax-row-no mkdf-content-aligment-left mkdf-row-grid-no mkdf-disabled-bg-image-bellow-no\" data-id=\"4f6c798\" data-element_type=\"section\" data-e-type=\"section\">\n\t\t\t\t\t\t<div class=\"elementor-container elementor-column-gap-default\">\n\t\t\t\t\t<div class=\"elementor-column elementor-col-100 elementor-top-column elementor-element elementor-element-9c3bdb8\" data-id=\"9c3bdb8\" data-element_type=\"column\" data-e-type=\"column\">\n\t\t\t<div class=\"elementor-widget-wrap elementor-element-populated\">\n\t\t\t\t\t\t<div class=\"elementor-element elementor-element-b8df05a elementor-widget elementor-widget-spacer\" data-id=\"b8df05a\" data-element_type=\"widget\" data-e-type=\"widget\" data-widget_type=\"spacer.default\">\n\t\t\t\t<div class=\"elementor-widget-container\">\n\t\t\t\t\t\t\t<div class=\"elementor-spacer\">\n\t\t\t<div class=\"elementor-spacer-inner\"><\/div>\n\t\t<\/div>\n\t\t\t\t\t\t<\/div>\n\t\t\t\t<\/div>\n\t\t\t\t<div class=\"elementor-element elementor-element-9f08242 elementor-widget elementor-widget-text-editor\" data-id=\"9f08242\" data-element_type=\"widget\" data-e-type=\"widget\" data-widget_type=\"text-editor.default\">\n\t\t\t\t<div class=\"elementor-widget-container\">\n\t\t\t\t\t\t\t\t\t<p>CONDICIONS D&#8217;\u00daS<\/p>\t\t\t\t\t\t\t\t<\/div>\n\t\t\t\t<\/div>\n\t\t\t\t<div class=\"elementor-element elementor-element-765ba94 elementor-widget elementor-widget-text-editor\" data-id=\"765ba94\" data-element_type=\"widget\" data-e-type=\"widget\" data-widget_type=\"text-editor.default\">\n\t\t\t\t<div class=\"elementor-widget-container\">\n\t\t\t\t\t\t\t\t\t<p>En cumplimiento de la Ley Org\u00e1nica 15\/1999, de 13 de diciembre de Protecci\u00f3n de Datos de Car\u00e1cter Personal (LOPD), Laura Ventura Robles, como responsable del fichero informa de las siguientes consideraciones: Los datos de car\u00e1cter personal que le solicitamos, quedar\u00e1n incorporados a un fichero cuya finalidad es de enviarle las comunicaciones comerciales.<br><br>Si lo desea, puede ejercer los derechos de acceso, rectificaci\u00f3n, cancelaci\u00f3n u oposici\u00f3n de sus datos personales en el correo electr\u00f3nico a info@estetica-equilibrium.com o por escrito en la Calle Can Mas Colom\u00e9, 1, 08520 Les Franqueses, Barcelona.<\/p>\t\t\t\t\t\t\t\t<\/div>\n\t\t\t\t<\/div>\n\t\t\t\t<div class=\"elementor-element elementor-element-16a09b1 elementor-widget elementor-widget-spacer\" data-id=\"16a09b1\" data-element_type=\"widget\" data-e-type=\"widget\" data-widget_type=\"spacer.default\">\n\t\t\t\t<div class=\"elementor-widget-container\">\n\t\t\t\t\t\t\t<div class=\"elementor-spacer\">\n\t\t\t<div class=\"elementor-spacer-inner\"><\/div>\n\t\t<\/div>\n\t\t\t\t\t\t<\/div>\n\t\t\t\t<\/div>\n\t\t\t\t\t<\/div>\n\t\t<\/div>\n\t\t\t\t\t<\/div>\n\t\t<\/section>\n\t\t\t\t<\/div>\n\t\t","protected":false},"excerpt":{"rendered":"<p>CONDICIONS D&#8217;\u00daS En cumplimiento de la Ley Org\u00e1nica 15\/1999, de 13 de diciembre de Protecci\u00f3n de Datos de Car\u00e1cter Personal (LOPD), Laura Ventura Robles, como responsable del fichero informa de las siguientes consideraciones: Los datos de car\u00e1cter personal que le [&hellip;]<\/p>\n","protected":false},"author":2,"featured_media":0,"parent":0,"menu_order":0,"comment_status":"closed","ping_status":"closed","template":"elementor_header_footer","meta":{"footnotes":""},"class_list":["post-9542","page","type-page","status-publish","hentry"],"yoast_head":"<!-- This site is optimized with the Yoast SEO plugin v27.5 - https:\/\/yoast.com\/product\/yoast-seo-wordpress\/ -->\n<title>CONDICIONS D&#039;\u00daS - Equilibrium<\/title>\n<meta name=\"robots\" content=\"noindex, follow\" \/>\n<meta property=\"og:locale\" content=\"ca_ES\" \/>\n<meta property=\"og:type\" content=\"article\" \/>\n<meta property=\"og:title\" content=\"CONDICIONS D&#039;\u00daS - Equilibrium\" \/>\n<meta property=\"og:description\" content=\"CONDICIONS D&#8217;\u00daS En cumplimiento de la Ley Org\u00e1nica 15\/1999, de 13 de diciembre de Protecci\u00f3n de Datos de Car\u00e1cter Personal (LOPD), Laura Ventura Robles, como responsable del fichero informa de las siguientes consideraciones: Los datos de car\u00e1cter personal que le [&hellip;]\" \/>\n<meta property=\"og:url\" content=\"https:\/\/estetica-equilibrium.com\/ca\/condicions-dus\/\" \/>\n<meta property=\"og:site_name\" content=\"Equilibrium\" \/>\n<meta property=\"article:modified_time\" content=\"2026-03-14T13:59:39+00:00\" \/>\n<meta name=\"twitter:card\" content=\"summary_large_image\" \/>\n<!-- \/ Yoast SEO plugin. -->","yoast_head_json":{"title":"CONDICIONS D'\u00daS - Equilibrium","robots":{"index":"noindex","follow":"follow"},"og_locale":"ca_ES","og_type":"article","og_title":"CONDICIONS D'\u00daS - Equilibrium","og_description":"CONDICIONS D&#8217;\u00daS En cumplimiento de la Ley Org\u00e1nica 15\/1999, de 13 de diciembre de Protecci\u00f3n de Datos de Car\u00e1cter Personal (LOPD), Laura Ventura Robles, como responsable del fichero informa de las siguientes consideraciones: Los datos de car\u00e1cter personal que le [&hellip;]","og_url":"https:\/\/estetica-equilibrium.com\/ca\/condicions-dus\/","og_site_name":"Equilibrium","article_modified_time":"2026-03-14T13:59:39+00:00","twitter_card":"summary_large_image","schema":{"@context":"https:\/\/schema.org","@graph":[{"@type":"WebPage","@id":"https:\/\/estetica-equilibrium.com\/ca\/condicions-dus\/","url":"https:\/\/estetica-equilibrium.com\/ca\/condicions-dus\/","name":"CONDICIONS D'\u00daS - Equilibrium","isPartOf":{"@id":"https:\/\/estetica-equilibrium.com\/ca\/#website"},"datePublished":"2021-06-07T08:13:43+00:00","dateModified":"2026-03-14T13:59:39+00:00","breadcrumb":{"@id":"https:\/\/estetica-equilibrium.com\/ca\/condicions-dus\/#breadcrumb"},"inLanguage":"ca","potentialAction":[{"@type":"ReadAction","target":["https:\/\/estetica-equilibrium.com\/ca\/condicions-dus\/"]}]},{"@type":"BreadcrumbList","@id":"https:\/\/estetica-equilibrium.com\/ca\/condicions-dus\/#breadcrumb","itemListElement":[{"@type":"ListItem","position":1,"name":"Portada","item":"https:\/\/estetica-equilibrium.com\/ca\/centre-estetica-les-franqueses\/"},{"@type":"ListItem","position":2,"name":"CONDICIONS D&#8217;\u00daS"}]},{"@type":"WebSite","@id":"https:\/\/estetica-equilibrium.com\/ca\/#website","url":"https:\/\/estetica-equilibrium.com\/ca\/","name":"Equilibrium","description":"Est\u00e9tica avanzada","potentialAction":[{"@type":"SearchAction","target":{"@type":"EntryPoint","urlTemplate":"https:\/\/estetica-equilibrium.com\/ca\/?s={search_term_string}"},"query-input":{"@type":"PropertyValueSpecification","valueRequired":true,"valueName":"search_term_string"}}],"inLanguage":"ca"}]}},"_links":{"self":[{"href":"https:\/\/estetica-equilibrium.com\/ca\/wp-json\/wp\/v2\/pages\/9542","targetHints":{"allow":["GET"]}}],"collection":[{"href":"https:\/\/estetica-equilibrium.com\/ca\/wp-json\/wp\/v2\/pages"}],"about":[{"href":"https:\/\/estetica-equilibrium.com\/ca\/wp-json\/wp\/v2\/types\/page"}],"author":[{"embeddable":true,"href":"https:\/\/estetica-equilibrium.com\/ca\/wp-json\/wp\/v2\/users\/2"}],"replies":[{"embeddable":true,"href":"https:\/\/estetica-equilibrium.com\/ca\/wp-json\/wp\/v2\/comments?post=9542"}],"version-history":[{"count":1,"href":"https:\/\/estetica-equilibrium.com\/ca\/wp-json\/wp\/v2\/pages\/9542\/revisions"}],"predecessor-version":[{"id":9543,"href":"https:\/\/estetica-equilibrium.com\/ca\/wp-json\/wp\/v2\/pages\/9542\/revisions\/9543"}],"wp:attachment":[{"href":"https:\/\/estetica-equilibrium.com\/ca\/wp-json\/wp\/v2\/media?parent=9542"}],"curies":[{"name":"wp","href":"https:\/\/api.w.org\/{rel}","templated":true}]}}